{"id":57,"date":"2008-12-30T19:14:55","date_gmt":"2008-12-30T16:14:55","guid":{"rendered":"http:\/\/meriliitto.tomilehtola.net\/?page_id=57"},"modified":"2009-01-06T16:07:26","modified_gmt":"2009-01-06T13:07:26","slug":"rajavartiolaitos","status":"publish","type":"page","link":"https:\/\/www.meriliitto.fi\/?page_id=57","title":{"rendered":"Rajavartiolaitos"},"content":{"rendered":"<p>Suomen rajavartiolaitoksen perustaminen vuonna 1919 kuten my\u00f6s sen rakenne ja teht\u00e4vien m\u00e4\u00e4r\u00e4\u00e4minen oli aikanaan omalaatuinen ratkaisu, johon vaikutti maamme geopoliittinen asema. Nykyisen muotonsa Rajavartiolaitos sai sotien j\u00e4lkeen, jolloin siihen liitettiin Merivartiolaitos. P\u00e4\u00e4teht\u00e4v\u00e4 on rajavalvonta maastorajalla ja merialueella, johon liittyv\u00e4t alueellisen koskemattomuuden valvonta rajavy\u00f6hykkeell\u00e4 ja Suomen merialueilla, sek\u00e4 henkil\u00f6liikenteen rajatarkastukset maarajan ylityspaikoilla, satamissa ja lentoasemilla.<\/p>\n<p>Rajavalvonnan peruselementtein\u00e4 ovat partiointi maalla, merell\u00e4 ja ilmassa, aistit\u00e4hystys ja monipuolinen valvontaj\u00e4rjestelmien hyv\u00e4ksik\u00e4ytt\u00f6. Merialueella perusvalvonta toteutetaan ensisijaisesti tutka- ja kameraj\u00e4rjestelmien avulla. Tilannekuvaa t\u00e4ydennet\u00e4\u00e4n partioimalla ilma-aluksilla, vartiolaivoilla ja -veneill\u00e4. Lis\u00e4ksi Ruotsin rannikkovartioston ja Viron rajavartiolaitoksen kanssa tehd\u00e4\u00e4n valvontayhteisty\u00f6t\u00e4 merialueilla.<\/p>\n<p>Rajavartiolaitos johtaa meripelastuspalvelua ja suorittaa valvonta-alueellaan etsint\u00f6j\u00e4 ja sairaankuljetuksia. Poliisille kuuluvaan yleisen j\u00e4rjestyksen ja turvallisuuden yll\u00e4pitoon rajavartiolaitos osallistuu raja- ja merialueilla kiireellisiss\u00e4 sek\u00e4 sen erikoiskalustoa vaativissa teht\u00e4viss\u00e4. Valtakunnan puolustaminen on aina ollut merkitt\u00e4v\u00e4 Rajavartiolaitoksen teht\u00e4v\u00e4, joka hoidetaan yhteistoiminnassa puolustusvoimien kanssa.<\/p>\n<p>Rajavartiolaitosta johtaa p\u00e4\u00e4llikk\u00f6 apunaan esikunta, joka on samalla sis\u00e4asiainministeri\u00f6n rajavartio-osasto.<\/p>\n<p>Rajavartiolaitokseen kuuluu nelj\u00e4 rajavartiostoa, kaksi merivartiostoa, vartiolentolaivue sek\u00e4 henkil\u00f6st\u00f6\u00e4 kouluttava raja- ja merivartiokoulu.<\/p>\n<p>Rajavartiolaitoksen palveluksessa on noin 3100 henkil\u00f6\u00e4. Pieni m\u00e4\u00e4r\u00e4 varusmiespalvelustaan suorittavia asevelvollisia koulutetaan rajaj\u00e4\u00e4k\u00e4rikomppanioissa. P\u00e4\u00e4osa p\u00e4\u00e4llyst\u00f6n peruskoulutuksesta annetaan puolustusvoimien oppilaitoksissa. Raja- ja merivartijat saavat peruskoulutuksensa raja- ja merivartiokoulussa, jossa my\u00f6s annetaan koko henkil\u00f6st\u00f6lle teht\u00e4viens\u00e4 edellytt\u00e4m\u00e4 jatko- ja t\u00e4ydennyskoulutus.<\/p>\n<p><strong>Lis\u00e4tietoja<\/strong>: <a href=\"http:\/\/www.raja.fi\">www.raja.fi<\/a><\/p>\n","protected":false},"excerpt":{"rendered":"<p>Suomen rajavartiolaitoksen perustaminen vuonna 1919 kuten my\u00f6s sen rakenne ja teht\u00e4vien m\u00e4\u00e4r\u00e4\u00e4minen oli aikanaan omalaatuinen ratkaisu, johon vaikutti maamme geopoliittinen asema. Nykyisen muotonsa Rajavartiolaitos sai sotien j\u00e4lkeen, jolloin siihen liitettiin Merivartiolaitos. P\u00e4\u00e4teht\u00e4v\u00e4 on rajavalvonta maastorajalla ja merialueella, johon liittyv\u00e4t alueellisen koskemattomuuden valvonta rajavy\u00f6hykkeell\u00e4 ja Suomen merialueilla, sek\u00e4 henkil\u00f6liikenteen rajatarkastukset maarajan ylityspaikoilla, satamissa ja lentoasemilla. Rajavalvonnan [&hellip;]<\/p>\n","protected":false},"author":1,"featured_media":0,"parent":113,"menu_order":0,"comment_status":"closed","ping_status":"open","template":"","meta":{"footnotes":""},"class_list":["post-57","page","type-page","status-publish","hentry"],"_links":{"self":[{"href":"https:\/\/www.meriliitto.fi\/index.php?rest_route=\/wp\/v2\/pages\/57","targetHints":{"allow":["GET"]}}],"collection":[{"href":"https:\/\/www.meriliitto.fi\/index.php?rest_route=\/wp\/v2\/pages"}],"about":[{"href":"https:\/\/www.meriliitto.fi\/index.php?rest_route=\/wp\/v2\/types\/page"}],"author":[{"embeddable":true,"href":"https:\/\/www.meriliitto.fi\/index.php?rest_route=\/wp\/v2\/users\/1"}],"replies":[{"embeddable":true,"href":"https:\/\/www.meriliitto.fi\/index.php?rest_route=%2Fwp%2Fv2%2Fcomments&post=57"}],"version-history":[{"count":2,"href":"https:\/\/www.meriliitto.fi\/index.php?rest_route=\/wp\/v2\/pages\/57\/revisions"}],"predecessor-version":[{"id":119,"href":"https:\/\/www.meriliitto.fi\/index.php?rest_route=\/wp\/v2\/pages\/57\/revisions\/119"}],"up":[{"embeddable":true,"href":"https:\/\/www.meriliitto.fi\/index.php?rest_route=\/wp\/v2\/pages\/113"}],"wp:attachment":[{"href":"https:\/\/www.meriliitto.fi\/index.php?rest_route=%2Fwp%2Fv2%2Fmedia&parent=57"}],"curies":[{"name":"wp","href":"https:\/\/api.w.org\/{rel}","templated":true}]}}