{"id":45,"date":"2008-12-30T19:07:18","date_gmt":"2008-12-30T16:07:18","guid":{"rendered":"http:\/\/meriliitto.tomilehtola.net\/?page_id=45"},"modified":"2009-01-06T16:06:26","modified_gmt":"2009-01-06T13:06:26","slug":"viranomaiset-2","status":"publish","type":"page","link":"https:\/\/www.meriliitto.fi\/?page_id=45","title":{"rendered":"IMO &#8211; International Maritime Organization"},"content":{"rendered":"<p>Kansainv\u00e4linen merenkulkuj\u00e4rjest\u00f6, <a href=\"http:\/\/www.imo.org\/\" target=\"_blank\">International Maritime Organization<\/a> (IMO) on YK:n alainen erikoisj\u00e4rjest\u00f6, joka k\u00e4sittelee teknisi\u00e4 merenkulkukysymyksi\u00e4. J\u00e4rjest\u00f6n p\u00e4\u00e4maja sijaitsee Lontoossa.<\/p>\n<p>IMO:n k\u00e4sitelt\u00e4viin asioihin kuuluvat ennen kaikkea meriturvallisuuskysymykset, merten saastumisen ehk\u00e4iseminen, merenkulun oikeudelliset kysymykset ja teknisen avun antaminen kehitysmaille merenkulkusektorilla. J\u00e4rjest\u00f6 aloitti toimintansa vuonna 1958 ja siihen kuuluu t\u00e4ll\u00e4 hetkell\u00e4 164 valtiota.<\/p>\n<p>IMO:n yleiskokous kokoontuu joka toinen vuosi. Lis\u00e4ksi j\u00e4rjest\u00f6ss\u00e4 on neuvosto sek\u00e4 kaksi teknist\u00e4 p\u00e4\u00e4komiteaa, jotka ovat meriturvallisuuskomitea ja meriymp\u00e4rist\u00f6n suojelukomitea. Keskeisi\u00e4 komiteoita ovat my\u00f6s juridisia kysymyksi\u00e4 tarkasteleva juridinen komitea ja teknisen yhteisty\u00f6n komitea. N\u00e4iden komiteoiden lis\u00e4ksi j\u00e4rjest\u00f6ss\u00e4 on lukuisa m\u00e4\u00e4r\u00e4 teknisi\u00e4 alakomiteoita, jotka valmistelevat erilaisia teknisi\u00e4 kysymyksi\u00e4 ensisijaisesti meriturvallisuuskomiteassa tapahtuvaa jatkok\u00e4sittely\u00e4 varten.<\/p>\n<p><strong>Lis\u00e4tietoja<\/strong>: <a href=\"http:\/\/www.imo.org\/\" target=\"_blank\">www.imo.org<\/a><\/p>\n","protected":false},"excerpt":{"rendered":"<p>Kansainv\u00e4linen merenkulkuj\u00e4rjest\u00f6, International Maritime Organization (IMO) on YK:n alainen erikoisj\u00e4rjest\u00f6, joka k\u00e4sittelee teknisi\u00e4 merenkulkukysymyksi\u00e4. J\u00e4rjest\u00f6n p\u00e4\u00e4maja sijaitsee Lontoossa. IMO:n k\u00e4sitelt\u00e4viin asioihin kuuluvat ennen kaikkea meriturvallisuuskysymykset, merten saastumisen ehk\u00e4iseminen, merenkulun oikeudelliset kysymykset ja teknisen avun antaminen kehitysmaille merenkulkusektorilla. J\u00e4rjest\u00f6 aloitti toimintansa vuonna 1958 ja siihen kuuluu t\u00e4ll\u00e4 hetkell\u00e4 164 valtiota. IMO:n yleiskokous kokoontuu joka toinen vuosi. [&hellip;]<\/p>\n","protected":false},"author":1,"featured_media":0,"parent":113,"menu_order":0,"comment_status":"closed","ping_status":"closed","template":"","meta":{"footnotes":""},"class_list":["post-45","page","type-page","status-publish","hentry"],"_links":{"self":[{"href":"https:\/\/www.meriliitto.fi\/index.php?rest_route=\/wp\/v2\/pages\/45","targetHints":{"allow":["GET"]}}],"collection":[{"href":"https:\/\/www.meriliitto.fi\/index.php?rest_route=\/wp\/v2\/pages"}],"about":[{"href":"https:\/\/www.meriliitto.fi\/index.php?rest_route=\/wp\/v2\/types\/page"}],"author":[{"embeddable":true,"href":"https:\/\/www.meriliitto.fi\/index.php?rest_route=\/wp\/v2\/users\/1"}],"replies":[{"embeddable":true,"href":"https:\/\/www.meriliitto.fi\/index.php?rest_route=%2Fwp%2Fv2%2Fcomments&post=45"}],"version-history":[{"count":5,"href":"https:\/\/www.meriliitto.fi\/index.php?rest_route=\/wp\/v2\/pages\/45\/revisions"}],"predecessor-version":[{"id":116,"href":"https:\/\/www.meriliitto.fi\/index.php?rest_route=\/wp\/v2\/pages\/45\/revisions\/116"}],"up":[{"embeddable":true,"href":"https:\/\/www.meriliitto.fi\/index.php?rest_route=\/wp\/v2\/pages\/113"}],"wp:attachment":[{"href":"https:\/\/www.meriliitto.fi\/index.php?rest_route=%2Fwp%2Fv2%2Fmedia&parent=45"}],"curies":[{"name":"wp","href":"https:\/\/api.w.org\/{rel}","templated":true}]}}