{"id":285,"date":"2009-02-11T21:37:22","date_gmt":"2009-02-11T18:37:22","guid":{"rendered":"http:\/\/meriliitto.tomilehtola.net\/?page_id=285"},"modified":"2013-04-06T09:05:34","modified_gmt":"2013-04-06T06:05:34","slug":"lankar","status":"publish","type":"page","link":"https:\/\/www.meriliitto.fi\/?page_id=285","title":{"rendered":"L\u00e4nkar"},"content":{"rendered":"<p><strong>Myndigheter<\/strong><a href=\"http:\/\/www.ymparisto.fi\/default.asp?node=18&amp;lan=sv\" target=\"_blank\"><br \/>\nFinlands milj\u00f6central<\/a><a href=\"http:\/\/www.rvl.fi\/rvl\/home.nsf\/pages\/index_sve\" target=\"_blank\"><br \/>\nGr\u00e4nsbevakningen<\/a><br \/>\n<a href=\"http:\/\/www.helcom.fi\/\" target=\"_blank\">Havsforskningsinstitutet<br \/>\nHelsingforskommissionen \u2013 HELCOM<\/a><a href=\"http:\/\/www.imo.org\/\" target=\"_blank\"><br \/>\nIMO \u2013 International Maritime Organization<\/a><a href=\"http:\/\/www.mintc.fi\/\" target=\"_blank\"><br \/>\nKommunikationsministeriet<\/a><a href=\"http:\/\/www.forsvarsmakten.fi\/merivoimat\" target=\"_blank\"><br \/>\nMarinen<\/a><a href=\"http:\/\/www.fmi.fi\" target=\"_blank\"><br \/>\nMeteorologiska institutet<\/a><a href=\"http:\/\/portal.liikennevirasto.fi\/sivu\/www\/sv\" target=\"_blank\"><br \/>\nTrafikverket<\/a> (<a href=\"http:\/\/portal.fma.fi\/sivu\/www\/fma_fi_se\/\">Sj\u00f6trafik<\/a>)<br \/>\n<a href=\"http:\/\/www.trafi.fi\" target=\"_blank\">TraFi<\/a><a href=\"http:\/\/www.oph.fi\/svenska\/frontpage.asp?path=446\" target=\"_blank\"><br \/>\nUtbildningsstyrelsen<\/a><br \/>\n<a href=\"http:\/\/www.cbss.st\/\" target=\"_blank\">\u00d6stersj\u00f6r\u00e5det (Council of the Baltic States)<\/a><\/p>\n<p><strong>N\u00e4ringslivsorganisationer<\/strong><br \/>\n<a href=\"http:\/\/www.satamaoperaattorit.fi\/\" target=\"_blank\">Hamnoperat\u00f6rerna rf<br \/>\n<\/a><a href=\"http:\/\/www.nornav.org\/\">Nordic Institution of Navigation<\/a><br \/>\n<a href=\"http:\/\/www.shipbrokers.fi\/\" target=\"_blank\">Finlans Skeppsm\u00e4klaref\u00f6rbund rf<\/a><br \/>\n<a href=\"http:\/\/www.finnports.com\/\" target=\"_blank\">Finlands Hamnf\u00f6rbund rf<\/a><br \/>\n<a href=\"http:\/\/www.shipowners.fi\/\" target=\"_blank\">Rederierna i Finland rf<\/a><br \/>\n<a href=\"http:\/\/www.teknologiateollisuus.fi\/svenska\/index.php\" target=\"_blank\">Marinindustrif\u00f6reningen rf<\/a><\/p>\n<p><strong>Utbildningen inom sj\u00f6branchen<br \/>\n<\/strong><a href=\"http:\/\/www.ammattinetti.fi\/c\/portal\/layout?p_l_id=1.1&amp;lang=sv\" target=\"_blank\">Arbetsministeriet\/ Yrkesinfo<\/a><br \/>\n<a href=\"http:\/\/www.ha.aland.fi\/\" target=\"_blank\">H\u00f6gskolan p\u00e5 \u00c5land<\/a><br \/>\n<a href=\"http:\/\/www.kotka.fi\/koulutuskeskus\/\" target=\"_blank\">Kotkan ammatillinen koulutuskeskus<\/a><br \/>\n<a href=\"http:\/\/www.kyamk.fi\/\" target=\"_blank\">Kymenlaakson ammattikorkeakoulu (KYAMK) \/ merenkulku<\/a><br \/>\n<a href=\"http:\/\/www.meriturva.fi\/\" target=\"_blank\">Meriturva<\/a><br \/>\n<a href=\"http:\/\/www.winnova.fi\/sivu.aspx?taso=2&amp;id=218\">Winnova L\u00e4nsirannikon koulutus AB<\/a><br \/>\n<a href=\"http:\/\/www.sailtraininginternational.org\/\" target=\"_blank\">Sail Training International<\/a><br \/>\n<a href=\"http:\/\/www.samk.fi\/\" target=\"_blank\">Satakunnan ammattikorkeakoulu (SAMK) \/ merenkulku<\/a><br \/>\n<a href=\"http:\/\/mkk.utu.fi\/\" target=\"_blank\">Sj\u00f6fartsbranschens utbildnings- och forskningscenral<\/a><br \/>\n<a href=\"http:\/\/www.novia.fi\/\" target=\"_blank\">Yrkesh\u00f6gskolan Novia<\/a><br \/>\n<a href=\"http:\/\/www.sjomansskolan.ax\/\" target=\"_blank\">\u00c5lands sj\u00f6manskola<br \/>\nwww.seaventures.fi<\/a><\/p>\n<p><strong>F\u00f6reningar<\/strong><br \/>\n<a href=\"http:\/\/www.finnboat.fi\/\" target=\"_blank\">B\u00e5tbranschens Centralf\u00f6rbund i Finland<\/a><br \/>\n<a href=\"http:\/\/www.slhy-laiva.fi\/\" target=\"_blank\">Fartygshistoriska f\u00f6reningen i Finland<\/a><br \/>\n<a href=\"http:\/\/www.suomennavigaatioliitto.com\/\" target=\"_blank\">Finlands Navigationsf\u00f6rbund<\/a><br \/>\n<a href=\"http:\/\/www.partio.fi\/\" target=\"_blank\">Finlands scouter<\/a><br \/>\n<a href=\"http:\/\/www.purjehtija.fi\/\" target=\"_blank\">Finlands Sj\u00f6r\u00e4ddningss\u00e4llkap<\/a><br \/>\n<a href=\"http:\/\/www.susl.fi\/\" target=\"_blank\">Finska Sportdykarf\u00f6rbundet<\/a><br \/>\n<a href=\"http:\/\/www.staf.fi\/\" target=\"_blank\">Segelfartygsstiftelsen i Finland<\/a><br \/>\n<a href=\"http:\/\/www.purjehtija.fi\/index.php?sivu=34873&amp;kieli=2\" target=\"_blank\">Segling och B\u00e5tsport i Finland<br \/>\n<\/a><a href=\"http:\/\/www.merenkulunsaatio.fi\/index.php?sivu_id=2\" target=\"_blank\">Sj\u00f6fartsstiftelsen<\/a><br \/>\n<a href=\"http:\/\/www.suomenmerihistoriallinenyhdistys.fi\/\" target=\"_blank\">Sj\u00f6historiska f\u00f6reningen i Finland<\/a><br \/>\n<a href=\"http:\/\/www.wwf.fi\/\" target=\"_blank\">WWF Finland<\/a><\/p>\n<p><strong>Sj\u00f6fartsmuseum<\/strong><br \/>\n<a href=\"http:\/\/www.raahe.fi\/\" target=\"_blank\">Brahestads museum<\/a><br \/>\n<a href=\"http:\/\/www.nba.fi\/fi\/smm\" target=\"_blank\">Finlands sj\u00f6historiska museum<\/a><br \/>\n<a href=\"http:\/\/www.forum-marinum.fi\/\" target=\"_blank\">Forum-Marinum<\/a><br \/>\n<a href=\"http:\/\/edu.krs.fi\/museo\/suomi\/merimuseo\/merimuseo.html\" target=\"_blank\">Kristinestads sj\u00f6fartsmuseum<\/a><br \/>\n<a href=\"http:\/\/www.loviisa.fi\/\" target=\"_blank\">Lovisa sj\u00f6fartsmuseum<\/a><br \/>\n<a href=\"http:\/\/www.savonlinna.fi\/museo\" target=\"_blank\">Nyslotts landskapsmuseum<\/a><br \/>\n<a href=\"http:\/\/www.kpi.uusikaupunki.fi\/sivistys\/museot.htm\" target=\"_blank\">Nystads museum<\/a><br \/>\n<a href=\"http:\/\/www.rmm.fi\/\" target=\"_blank\">Raumo sj\u00f6fartsmuseum<\/a><br \/>\n<a href=\"http:\/\/www.vaasa.fi\/\" target=\"_blank\">Vasa sj\u00f6fartsmuseum<\/a><br \/>\n<a href=\"http:\/\/www.sjofartsmuseum.ax\/\" target=\"_blank\">\u00c5lands Sj\u00f6fartsmuseum<\/a><\/p>\n<p><strong>Publicationerna inom sj\u00f6branschen<\/strong><br \/>\n<a href=\"http:\/\/www.shipgaz.com\/\" target=\"_blank\">Svensk Sj\u00f6fartstidning<\/a><br \/>\n<a href=\"http:\/\/www.navigatormagazine.fi\/\">Navigator<\/a><\/p>\n<p><strong>Andra l\u00e4nkar<\/strong><br \/>\n<a href=\"http:\/\/www.fcbsweb.com\/forum\/\" target=\"_blank\">FCBS Forum<\/a><br \/>\n<a href=\"http:\/\/www.balticsea.net\/\" target=\"_blank\">Baltic Sea regional portal<\/a><br \/>\n<a href=\"http:\/\/www.baltice.org\/\" target=\"_blank\">www.baltice.org<\/a><br \/>\n<a href=\"http:\/\/www.fyrsallskap.fi\/\" target=\"_blank\">Finlands Fyrs\u00e4llskap<\/a><br \/>\n<a href=\"http:\/\/www.ymparisto.fi\/default.asp?contentid=52388&amp;lan=SV\" target=\"_blank\">Statsr\u00e5dets skyddsprogram f\u00f6r \u00d6stersj\u00f6n<\/a><br \/>\n<a href=\"http:\/\/www.edu.fi\/projektit\/tammi\/vesi\/index.htm\" target=\"_blank\">Vesill\u00e4 &#8211; el\u00e4m\u00e4\u00e4 ja historiaa<\/a><br \/>\n<a href=\"http:\/\/www.wwf.fi\/itameri\/\" target=\"_blank\">WWF:s \u00d6stersj\u00f6kampanj \u2013 Operation Sj\u00f6jungfru<\/a><br \/>\n<a href=\"http:\/\/www.helsinki.fi\/hum\/meh\/merimerkit\/\" target=\"_blank\">V\u00e4ylien varrelta \u2013 Suomen historialliset merimerkit ja luotsipaikat<\/a><br \/>\n<a href=\"http:\/\/www.sj\u00f6historia.fi\">www.sj\u00f6historia.fi<\/a><\/p>\n<p><span style=\"font-family: Arial; font-size: x-small;\">Segling och B\u00e5tsport i Finland<\/span><\/p>\n","protected":false},"excerpt":{"rendered":"<p>Myndigheter Finlands milj\u00f6central Gr\u00e4nsbevakningen Havsforskningsinstitutet Helsingforskommissionen \u2013 HELCOM IMO \u2013 International Maritime Organization Kommunikationsministeriet Marinen Meteorologiska institutet Trafikverket (Sj\u00f6trafik) TraFi Utbildningsstyrelsen \u00d6stersj\u00f6r\u00e5det (Council of the Baltic States) N\u00e4ringslivsorganisationer Hamnoperat\u00f6rerna rf Nordic Institution of Navigation Finlans Skeppsm\u00e4klaref\u00f6rbund rf Finlands Hamnf\u00f6rbund rf Rederierna i Finland rf Marinindustrif\u00f6reningen rf Utbildningen inom sj\u00f6branchen Arbetsministeriet\/ Yrkesinfo H\u00f6gskolan p\u00e5 \u00c5land Kotkan [&hellip;]<\/p>\n","protected":false},"author":1,"featured_media":0,"parent":0,"menu_order":0,"comment_status":"closed","ping_status":"closed","template":"index_sv.php","meta":{"footnotes":""},"class_list":["post-285","page","type-page","status-publish","hentry"],"_links":{"self":[{"href":"https:\/\/www.meriliitto.fi\/index.php?rest_route=\/wp\/v2\/pages\/285","targetHints":{"allow":["GET"]}}],"collection":[{"href":"https:\/\/www.meriliitto.fi\/index.php?rest_route=\/wp\/v2\/pages"}],"about":[{"href":"https:\/\/www.meriliitto.fi\/index.php?rest_route=\/wp\/v2\/types\/page"}],"author":[{"embeddable":true,"href":"https:\/\/www.meriliitto.fi\/index.php?rest_route=\/wp\/v2\/users\/1"}],"replies":[{"embeddable":true,"href":"https:\/\/www.meriliitto.fi\/index.php?rest_route=%2Fwp%2Fv2%2Fcomments&post=285"}],"version-history":[{"count":12,"href":"https:\/\/www.meriliitto.fi\/index.php?rest_route=\/wp\/v2\/pages\/285\/revisions"}],"predecessor-version":[{"id":499,"href":"https:\/\/www.meriliitto.fi\/index.php?rest_route=\/wp\/v2\/pages\/285\/revisions\/499"}],"wp:attachment":[{"href":"https:\/\/www.meriliitto.fi\/index.php?rest_route=%2Fwp%2Fv2%2Fmedia&parent=285"}],"curies":[{"name":"wp","href":"https:\/\/api.w.org\/{rel}","templated":true}]}}