{"id":281,"date":"2009-02-11T21:36:01","date_gmt":"2009-02-11T18:36:01","guid":{"rendered":"http:\/\/meriliitto.tomilehtola.net\/?page_id=281"},"modified":"2013-04-06T09:02:43","modified_gmt":"2013-04-06T06:02:43","slug":"sjofartshistoria","status":"publish","type":"page","link":"https:\/\/www.meriliitto.fi\/?page_id=281","title":{"rendered":"Sj\u00f6fartshistoria"},"content":{"rendered":"<p><img loading=\"lazy\" decoding=\"async\" class=\"size-full wp-image-161\" title=\"merihistoria\" alt=\"Kuvateksti\" src=\"\/wp-content\/uploads\/2009\/01\/merihistoria.jpg\" width=\"350\" height=\"262\" srcset=\"https:\/\/www.meriliitto.fi\/wp-content\/uploads\/2009\/01\/merihistoria.jpg 350w, https:\/\/www.meriliitto.fi\/wp-content\/uploads\/2009\/01\/merihistoria-300x224.jpg 300w\" sizes=\"auto, (max-width: 350px) 100vw, 350px\" \/><\/p>\n<p>Sj\u00f6fartsf\u00f6rbundet vill bevara och utveckla Finlands marina kultur. Sj\u00f6fartens framtid bygger i stor utstr\u00e4ckning p\u00e5 en av traditioner skapad grund, som under \u00e5rhundradenas lopp har gett upphov till v\u00e5rt nuvarande kunnande och v\u00e5ra m\u00e5l f\u00f6r framtiden.<\/p>\n<p>Sj\u00f6fartsf\u00f6rbundet har tagit st\u00e4llning till aktuella sj\u00f6historiska fr\u00e5gor. F\u00f6rbundet har drivit p\u00e5 fr\u00e5gan om grundandet av ett centralt sj\u00f6historiskt museum i Finland och har nu ocks\u00e5 meddelat sin \u00e5sikt om en rationell l\u00f6sning av fr\u00e5gan om ett sj\u00f6historiskt museum. D\u00e5 Suomen Joutsens \u00f6de l\u00e5g i v\u00e5gsk\u00e5len insisterade Sj\u00f6fartsf\u00f6rbundet p\u00e5 att fartyget skulle bli kvar i Finland som museifartyg.<\/p>\n<p>Riksomfattande sj\u00f6historiska f\u00f6reningar i Finland \u00e4r <a href=\"http:\/\/www.suomenmerihistoriallinenyhdistys.fi\/svenska\/index.html\" target=\"_blank\">Sj\u00f6historiska f\u00f6reningen i Finland<\/a> och <a href=\"http:\/\/www.slhy-laiva.fi\/\" target=\"_blank\">Fartygshistoriska f\u00f6reningen i Finland<\/a>. Flera regionala sj\u00f6fartsmuseer har ocks\u00e5 lokala sj\u00f6historiska f\u00f6reningar i bakgrunden. I Finland finns bland annat f\u00f6ljande museer som har specialiserat sig p\u00e5 sj\u00f6fartshistoria och sj\u00f6fart:<\/p>\n<ul>\n<li>Finlands sj\u00f6historiska museum: ett centralmuseum tidigare p\u00e5 Vrakholmen i Helsingfors, specialiserat p\u00e5 marinarkeologi men ocks\u00e5 ett allm\u00e4nt museum. Museet st\u00e4ngt d\u00e5 det flyttar till Kotka (f\u00e4rdigt 2007) och delvis till \u00c5bo. (<a href=\"http:\/\/www.nba.fi\/sv\/smm_se\" target=\"_blank\">www.nba.fi\/sv\/smm_se<\/a>)<\/li>\n<li>Forum Marinum: ett omfattande sj\u00f6fartsmuseum vid stranden av Aura \u00e5 i \u00c5bo (<a href=\"http:\/\/www.forum-marinum.fi\/htdocsSWE\/index2.htm\" target=\"_blank\">www.forum-marinum.fi<\/a>)<\/li>\n<li>\u00c5lands sj\u00f6fartsmuseum: ett stort museum i Mariehamn som har specialiserat sig p\u00e5 \u00c5lands sj\u00f6fartshistoria (<a href=\"http:\/\/www.maritime-museum.aland.fi\/\">www.maritime-museum.aland.fi<\/a>)<\/li>\n<li>Kristinestads sj\u00f6fartsmuseum: ett lokalt sj\u00f6fartsmuseum vid Salutorget (<a href=\"http:\/\/edu.krs.fi\/museo\/svenska\/sjofart\/sjofart.html\" target=\"_blank\">http:\/\/edu.krs.fi\/museo\/svenska\/sjofart\/sjofart.html<\/a>)<\/li>\n<li>Lovisa sj\u00f6fartsmuseum: ett lokalt sj\u00f6fartsmuseum vid Skeppsbron i Lovisa (<a href=\"http:\/\/www.loviisa.fi\/\" target=\"_blank\">www.loviisa.fi<\/a>)<\/li>\n<li>Brahestads museum: presenterar Brahestad och dess sj\u00f6fart (<a href=\"http:\/\/www.raahe.fi\/\" target=\"_blank\">www.raahe.fi<\/a>)<\/li>\n<li>Raumo sj\u00f6fartsmuseum: Nytt olikt sj\u00f6fartsmuseum med t.ex. en navigationssimulator f\u00f6r barn och ungdomar (<a href=\"http:\/\/www.rmm.fi\/\" target=\"_blank\">www.rmm.fi<\/a>).<\/li>\n<li>Nyslotts landskapsmuseum: presenterar Nyslott och fartygstrafiken p\u00e5 Saimen och finns p\u00e5 Riihisaari (<a href=\"http:\/\/www.savonlinna.fi\/museo\" target=\"_blank\">www.savonlinna.fi\/museo<\/a>)<\/li>\n<li>Nystads museum: \u00d6vre v\u00e5ningen \u00e4gnad den lokala sj\u00f6farten (<a href=\"http:\/\/www.uusikaupunki.fi\/%7Eukipalve\" target=\"_blank\">www.uusikaupunki.fi<\/a>)<\/li>\n<li>Vasa sj\u00f6fartsmuseum: ett museum \u00f6ver den lokala sj\u00f6farten, finns p\u00e5 Br\u00e4nd\u00f6 (<a href=\"http:\/\/www.vaasa.fi\/\" target=\"_blank\">www.vaasa.fi<\/a>)<\/li>\n<\/ul>\n<p>Tidskrifter i branschen \u00e4r bland annat Fartygshistoriska f\u00f6reningen i Finlands tidning &#8221;Laiva&#8221; samt Finlands sj\u00f6historiska museums och Sj\u00f6historiska f\u00f6reningen i Finlands periodiska tidskrift &#8221;Nautica Fennica&#8221;. Uppslagsverket &#8221;Navis Fennica&#8221; i fyra band ger en klar bild av Finlands sj\u00f6historia.<\/p>\n<p><a href=\"http:\/\/www.skutforening.org\/\" target=\"_blank\">Skutf\u00f6reningen Kustkultur i Finland rf<\/a> \u00e4r en takorganisation f\u00f6r de finl\u00e4ndska och \u00e5l\u00e4ndska traditionssegelfartygen.<\/p>\n","protected":false},"excerpt":{"rendered":"<p>Sj\u00f6fartsf\u00f6rbundet vill bevara och utveckla Finlands marina kultur. Sj\u00f6fartens framtid bygger i stor utstr\u00e4ckning p\u00e5 en av traditioner skapad grund, som under \u00e5rhundradenas lopp har gett upphov till v\u00e5rt nuvarande kunnande och v\u00e5ra m\u00e5l f\u00f6r framtiden. Sj\u00f6fartsf\u00f6rbundet har tagit st\u00e4llning till aktuella sj\u00f6historiska fr\u00e5gor. F\u00f6rbundet har drivit p\u00e5 fr\u00e5gan om grundandet av ett centralt sj\u00f6historiskt [&hellip;]<\/p>\n","protected":false},"author":1,"featured_media":0,"parent":0,"menu_order":0,"comment_status":"closed","ping_status":"closed","template":"index_sv.php","meta":{"footnotes":""},"class_list":["post-281","page","type-page","status-publish","hentry"],"_links":{"self":[{"href":"https:\/\/www.meriliitto.fi\/index.php?rest_route=\/wp\/v2\/pages\/281","targetHints":{"allow":["GET"]}}],"collection":[{"href":"https:\/\/www.meriliitto.fi\/index.php?rest_route=\/wp\/v2\/pages"}],"about":[{"href":"https:\/\/www.meriliitto.fi\/index.php?rest_route=\/wp\/v2\/types\/page"}],"author":[{"embeddable":true,"href":"https:\/\/www.meriliitto.fi\/index.php?rest_route=\/wp\/v2\/users\/1"}],"replies":[{"embeddable":true,"href":"https:\/\/www.meriliitto.fi\/index.php?rest_route=%2Fwp%2Fv2%2Fcomments&post=281"}],"version-history":[{"count":4,"href":"https:\/\/www.meriliitto.fi\/index.php?rest_route=\/wp\/v2\/pages\/281\/revisions"}],"predecessor-version":[{"id":497,"href":"https:\/\/www.meriliitto.fi\/index.php?rest_route=\/wp\/v2\/pages\/281\/revisions\/497"}],"wp:attachment":[{"href":"https:\/\/www.meriliitto.fi\/index.php?rest_route=%2Fwp%2Fv2%2Fmedia&parent=281"}],"curies":[{"name":"wp","href":"https:\/\/api.w.org\/{rel}","templated":true}]}}