{"id":263,"date":"2009-02-11T21:30:27","date_gmt":"2009-02-11T18:30:27","guid":{"rendered":"http:\/\/meriliitto.tomilehtola.net\/?page_id=263"},"modified":"2009-02-11T21:30:27","modified_gmt":"2009-02-11T18:30:27","slug":"maskinreparationsmandonkeyman-batsman-reparationsman-matroslattmatros","status":"publish","type":"page","link":"https:\/\/www.meriliitto.fi\/?page_id=263","title":{"rendered":"Maskinreparationsman\/donkeyman,  B\u00e5tsman,  Reparationsman,  Matros\/L\u00e4ttmatros"},"content":{"rendered":"<p><strong><span class=\"ahead\">B\u00e5tsman, reparationsman, maskinreparationsman, matros, l\u00e4ttmatros \/ Arbetsuppgifter och arbetsplatser<\/span><\/strong><\/p>\n<p>Utf\u00f6r service-, reparations- och underh\u00e5llsarbeten ombord och deltar i vakth\u00e5llningen till sj\u00f6ss.<\/p>\n<p><strong>Utbildning<\/strong><\/p>\n<p>L\u00e4mplig utbildning \u00e4r grundexamen i sj\u00f6fartsbranschen. De som har avlagt examen kan ha alla d\u00e4cks- och maskinmanskapsbefattningar p\u00e5 olika typers fartyg.<\/p>\n","protected":false},"excerpt":{"rendered":"<p>B\u00e5tsman, reparationsman, maskinreparationsman, matros, l\u00e4ttmatros \/ Arbetsuppgifter och arbetsplatser Utf\u00f6r service-, reparations- och underh\u00e5llsarbeten ombord och deltar i vakth\u00e5llningen till sj\u00f6ss. Utbildning L\u00e4mplig utbildning \u00e4r grundexamen i sj\u00f6fartsbranschen. De som har avlagt examen kan ha alla d\u00e4cks- och maskinmanskapsbefattningar p\u00e5 olika typers fartyg.<\/p>\n","protected":false},"author":1,"featured_media":0,"parent":251,"menu_order":0,"comment_status":"closed","ping_status":"closed","template":"index_sv.php","meta":{"footnotes":""},"class_list":["post-263","page","type-page","status-publish","hentry"],"_links":{"self":[{"href":"https:\/\/www.meriliitto.fi\/index.php?rest_route=\/wp\/v2\/pages\/263","targetHints":{"allow":["GET"]}}],"collection":[{"href":"https:\/\/www.meriliitto.fi\/index.php?rest_route=\/wp\/v2\/pages"}],"about":[{"href":"https:\/\/www.meriliitto.fi\/index.php?rest_route=\/wp\/v2\/types\/page"}],"author":[{"embeddable":true,"href":"https:\/\/www.meriliitto.fi\/index.php?rest_route=\/wp\/v2\/users\/1"}],"replies":[{"embeddable":true,"href":"https:\/\/www.meriliitto.fi\/index.php?rest_route=%2Fwp%2Fv2%2Fcomments&post=263"}],"version-history":[{"count":1,"href":"https:\/\/www.meriliitto.fi\/index.php?rest_route=\/wp\/v2\/pages\/263\/revisions"}],"predecessor-version":[{"id":264,"href":"https:\/\/www.meriliitto.fi\/index.php?rest_route=\/wp\/v2\/pages\/263\/revisions\/264"}],"up":[{"embeddable":true,"href":"https:\/\/www.meriliitto.fi\/index.php?rest_route=\/wp\/v2\/pages\/251"}],"wp:attachment":[{"href":"https:\/\/www.meriliitto.fi\/index.php?rest_route=%2Fwp%2Fv2%2Fmedia&parent=263"}],"curies":[{"name":"wp","href":"https:\/\/api.w.org\/{rel}","templated":true}]}}