{"id":241,"date":"2009-02-11T21:23:14","date_gmt":"2009-02-11T18:23:14","guid":{"rendered":"http:\/\/meriliitto.tomilehtola.net\/?page_id=241"},"modified":"2009-02-11T21:23:14","modified_gmt":"2009-02-11T18:23:14","slug":"kommunikationsministeriet","status":"publish","type":"page","link":"https:\/\/www.meriliitto.fi\/?page_id=241","title":{"rendered":"Kommunikationsministeriet"},"content":{"rendered":"<p><a href=\"http:\/\/www.mintc.fi\/\" target=\"_blank\">Kommunikationsministeriet<\/a> (KM) \u00e4r inom statsr\u00e5det ansvarigt f\u00f6r behandlingen av sj\u00f6fartsfr\u00e5gor. KM har hand om sj\u00f6fart, \u00f6vrig vattentrafik och havsforskning samt hamnar till den del de inte h\u00f6r till n\u00e5got annat ministeriums kompetensomr\u00e5de.<\/p>\n<p>Sj\u00f6fartsfr\u00e5gorna h\u00f6r till den trafikpolitiska avdelningen som f\u00f6r \u00e4ndam\u00e5let har en speciell sj\u00f6fartsenhet. Den behandlar \u00e4renden som g\u00e4ller n\u00e4ringspolitik och s\u00e4kerhet inom sj\u00f6fart och \u00f6vrig vattentrafik, r\u00e4ttsligt ansvar betr\u00e4ffande sj\u00f6transporter och f\u00f6rhindrandet av vattenf\u00f6rorening orsakad av fartyg. Enheten behandlar ocks\u00e5 andra milj\u00f6fr\u00e5gor r\u00f6rande sj\u00f6fart och vattentrafik med undantag av transportbest\u00e4mmelserna f\u00f6r sj\u00f6- och insj\u00f6transporter av farliga \u00e4mnen som styckegods.<\/p>\n<p>Till ministeriets centrala uppgifter i sj\u00f6fartssektorn h\u00f6r att vidta sj\u00f6fartspolitiska \u00e5tg\u00e4rder. De av Europeiska kommissionen fastst\u00e4llda riktlinjerna f\u00f6r statsunderst\u00f6d till sj\u00f6farten g\u00e4ller godtagbara st\u00f6d\u00e5tg\u00e4rder f\u00f6r sj\u00f6farten. Det finl\u00e4ndska st\u00f6dsystemet skall ocks\u00e5 motsvara dessa riktlinjer.<\/p>\n<p>I fr\u00e5ga om sj\u00f6fartspolitik f\u00e4rdigst\u00e4lldes i juni 2003 en omfattande utredning av sj\u00f6klustret. En sj\u00f6fartsstrategisk utredning blev klar i december 2002.<\/p>\n<p>Under KM lyder bland annat <a href=\"http:\/\/www.fma.fi\/\" target=\"_blank\">Sj\u00f6fartsverket<\/a>, <a href=\"http:\/\/www.finstaship.fi\/\" target=\"_blank\">Rederiverket FINSTASHIP<\/a>, <a href=\"http:\/\/www.finnpilot.fi\/\" target=\"_blank\">Lotsverket FINNPILOT<\/a>, <a href=\"http:\/\/www.fimr.fi\/\" target=\"_blank\">Havsforskningsinstitutet<\/a> och <a href=\"http:\/\/www.fmi.fi\/\" target=\"_blank\">Meteorologiska institutet<\/a>.<\/p>\n<p><strong>Mer information<\/strong>: <a href=\"http:\/\/www.mintc.fi\/\" target=\"_blank\">www.mintc.fi<\/a><\/p>\n","protected":false},"excerpt":{"rendered":"<p>Kommunikationsministeriet (KM) \u00e4r inom statsr\u00e5det ansvarigt f\u00f6r behandlingen av sj\u00f6fartsfr\u00e5gor. KM har hand om sj\u00f6fart, \u00f6vrig vattentrafik och havsforskning samt hamnar till den del de inte h\u00f6r till n\u00e5got annat ministeriums kompetensomr\u00e5de. Sj\u00f6fartsfr\u00e5gorna h\u00f6r till den trafikpolitiska avdelningen som f\u00f6r \u00e4ndam\u00e5let har en speciell sj\u00f6fartsenhet. Den behandlar \u00e4renden som g\u00e4ller n\u00e4ringspolitik och s\u00e4kerhet inom sj\u00f6fart [&hellip;]<\/p>\n","protected":false},"author":1,"featured_media":0,"parent":239,"menu_order":0,"comment_status":"closed","ping_status":"closed","template":"index_sv.php","meta":{"footnotes":""},"class_list":["post-241","page","type-page","status-publish","hentry"],"_links":{"self":[{"href":"https:\/\/www.meriliitto.fi\/index.php?rest_route=\/wp\/v2\/pages\/241","targetHints":{"allow":["GET"]}}],"collection":[{"href":"https:\/\/www.meriliitto.fi\/index.php?rest_route=\/wp\/v2\/pages"}],"about":[{"href":"https:\/\/www.meriliitto.fi\/index.php?rest_route=\/wp\/v2\/types\/page"}],"author":[{"embeddable":true,"href":"https:\/\/www.meriliitto.fi\/index.php?rest_route=\/wp\/v2\/users\/1"}],"replies":[{"embeddable":true,"href":"https:\/\/www.meriliitto.fi\/index.php?rest_route=%2Fwp%2Fv2%2Fcomments&post=241"}],"version-history":[{"count":1,"href":"https:\/\/www.meriliitto.fi\/index.php?rest_route=\/wp\/v2\/pages\/241\/revisions"}],"predecessor-version":[{"id":242,"href":"https:\/\/www.meriliitto.fi\/index.php?rest_route=\/wp\/v2\/pages\/241\/revisions\/242"}],"up":[{"embeddable":true,"href":"https:\/\/www.meriliitto.fi\/index.php?rest_route=\/wp\/v2\/pages\/239"}],"wp:attachment":[{"href":"https:\/\/www.meriliitto.fi\/index.php?rest_route=%2Fwp%2Fv2%2Fmedia&parent=241"}],"curies":[{"name":"wp","href":"https:\/\/api.w.org\/{rel}","templated":true}]}}