{"id":239,"date":"2009-02-11T21:21:58","date_gmt":"2009-02-11T18:21:58","guid":{"rendered":"http:\/\/meriliitto.tomilehtola.net\/?page_id=239"},"modified":"2010-04-28T18:23:20","modified_gmt":"2010-04-28T15:23:20","slug":"myndigheter","status":"publish","type":"page","link":"https:\/\/www.meriliitto.fi\/?page_id=239","title":{"rendered":"Myndigheter"},"content":{"rendered":"<p><a name=\"lvm\"><\/a><strong>Kommunikationsministeriet<\/strong><a href=\"http:\/\/www.mintc.fi\/\" target=\"_blank\"><br \/>\nKommunikationsministeriet<\/a> (KM) \u00e4r inom statsr\u00e5det ansvarigt f\u00f6r behandlingen av sj\u00f6fartsfr\u00e5gor. KM har hand om sj\u00f6fart, \u00f6vrig vattentrafik och havsforskning samt hamnar till den del de inte h\u00f6r till n\u00e5got annat ministeriums kompetensomr\u00e5de.<\/p>\n<p><strong>IMO &#8211; International Maritime Organization<br \/>\n<\/strong>Den internationella sj\u00f6fartsorganisationen <a href=\"http:\/\/www.imo.org\/\" target=\"_blank\">International Maritime Organization<\/a> (IMO)  \u00e4r en specialorganisation underst\u00e4lld FN och behandlar tekniska sj\u00f6fartsfr\u00e5gor.<\/p>\n<p><strong>Trafikverket<br \/>\n<\/strong><a href=\"http:\/\/www.fma.fi\/s\/\" target=\"_blank\"><\/a>Trafikverket \u00e4r ett \u00e4mbetsverk inom kommunikationsministeriets  f\u00f6rvaltningsomr\u00e5de som svarar f\u00f6r att serviceniv\u00e5n i trafiken p\u00e5 trafikleder som  f\u00f6rvaltas av staten uppr\u00e4tth\u00e5lls och utvecklas. Trafikverket bildades 1.1.2010  av Sj\u00f6fartsverkets farledsfunktioner, Banf\u00f6rvaltningscentralen och  V\u00e4gf\u00f6rvaltningens centralf\u00f6rvaltning.<\/p>\n<p><strong>Trafiks\u00e4kerhetsverket<\/strong><br \/>\nTrafiks\u00e4kerhetsverket \u00e4r den f\u00f6rvaltnings- och s\u00e4kerhetsmyndighet som  ansvarar f\u00f6r reglering och \u00f6vervakning av trafiksystemet.  Trafiks\u00e4kerhetsverket har som uppgift att fr\u00e4mja trafiks\u00e4kerheten, en  h\u00e5llbar utveckling av trafiksystemet och att producera trafikrelaterade  myndighetstj\u00e4nster.<\/p>\n<p>V\u00e5rt m\u00e5l \u00e4r att det finska Trafiksystemets  s\u00e4kerhet och milj\u00f6v\u00e4nlighet \u00e4r av internationell toppklass.<\/p>\n<p><a name=\"merivoimat\"><\/a><strong>Marinen<br \/>\n<\/strong>Finland \u00e4r en sj\u00f6stat och sj\u00f6v\u00e4garna har alltid haft stor betydelse. En dryg tredjedel av v\u00e5ra gr\u00e4nser \u00e4r territorialvattengr\u00e4nser. St\u00f6rsta delen av v\u00e5ra utrikesf\u00f6rbindelser g\u00e5r sj\u00f6v\u00e4gen eller \u00f6ver haven. Finlands marina karakt\u00e4r framh\u00e4vs av att befolkningen, n\u00e4ringslivet och f\u00f6rvaltningen \u00e4r koncentrerade till s\u00f6dra och sydv\u00e4stra Finland. Det \u00e4r allts\u00e5 mycket viktigt att vi kan trygga v\u00e5ra sj\u00f6f\u00f6rbindelser.<\/p>\n<p><a name=\"rvl\"><\/a><strong>Gr\u00e4nsbevakningsv\u00e4sendet<br \/>\n<\/strong>Grundandet av Finlands gr\u00e4nsbevakningsv\u00e4sende \u00e5r 1919, dess struktur och definieringen av dess uppgifter var en g\u00e5ng i tiden en s\u00e4regen \u00e5tg\u00e4rd som p\u00e5verkades av landets geopolitiska l\u00e4ge. Sin nuvarande form fick Gr\u00e4nsbevakningen efter krigen genom sammanslagningen med Sj\u00f6bevakningen.<\/p>\n","protected":false},"excerpt":{"rendered":"<p>Kommunikationsministeriet Kommunikationsministeriet (KM) \u00e4r inom statsr\u00e5det ansvarigt f\u00f6r behandlingen av sj\u00f6fartsfr\u00e5gor. KM har hand om sj\u00f6fart, \u00f6vrig vattentrafik och havsforskning samt hamnar till den del de inte h\u00f6r till n\u00e5got annat ministeriums kompetensomr\u00e5de. IMO &#8211; International Maritime Organization Den internationella sj\u00f6fartsorganisationen International Maritime Organization (IMO) \u00e4r en specialorganisation underst\u00e4lld FN och behandlar tekniska sj\u00f6fartsfr\u00e5gor. Trafikverket [&hellip;]<\/p>\n","protected":false},"author":1,"featured_media":0,"parent":0,"menu_order":0,"comment_status":"closed","ping_status":"closed","template":"index_sv.php","meta":{"footnotes":""},"class_list":["post-239","page","type-page","status-publish","hentry"],"_links":{"self":[{"href":"https:\/\/www.meriliitto.fi\/index.php?rest_route=\/wp\/v2\/pages\/239","targetHints":{"allow":["GET"]}}],"collection":[{"href":"https:\/\/www.meriliitto.fi\/index.php?rest_route=\/wp\/v2\/pages"}],"about":[{"href":"https:\/\/www.meriliitto.fi\/index.php?rest_route=\/wp\/v2\/types\/page"}],"author":[{"embeddable":true,"href":"https:\/\/www.meriliitto.fi\/index.php?rest_route=\/wp\/v2\/users\/1"}],"replies":[{"embeddable":true,"href":"https:\/\/www.meriliitto.fi\/index.php?rest_route=%2Fwp%2Fv2%2Fcomments&post=239"}],"version-history":[{"count":4,"href":"https:\/\/www.meriliitto.fi\/index.php?rest_route=\/wp\/v2\/pages\/239\/revisions"}],"predecessor-version":[{"id":348,"href":"https:\/\/www.meriliitto.fi\/index.php?rest_route=\/wp\/v2\/pages\/239\/revisions\/348"}],"wp:attachment":[{"href":"https:\/\/www.meriliitto.fi\/index.php?rest_route=%2Fwp%2Fv2%2Fmedia&parent=239"}],"curies":[{"name":"wp","href":"https:\/\/api.w.org\/{rel}","templated":true}]}}