{"id":226,"date":"2009-02-11T21:08:51","date_gmt":"2009-02-11T18:08:51","guid":{"rendered":"http:\/\/meriliitto.tomilehtola.net\/?page_id=226"},"modified":"2009-02-11T21:08:51","modified_gmt":"2009-02-11T18:08:51","slug":"en-bedrift-inom-sjofarten","status":"publish","type":"page","link":"https:\/\/www.meriliitto.fi\/?page_id=226","title":{"rendered":"En Bedrift inom Sj\u00f6farten"},"content":{"rendered":"<p>I b\u00f6rjan av 1980-talet f\u00f6ddes i Sj\u00f6fartsf\u00f6rbundets styrelse id\u00e9n att dela ut ett s\u00e4rskilt hederspris som erk\u00e4nsla f\u00f6r betydande insatser f\u00f6r \u00f6kad kunskap om och uppskattning av sj\u00f6fartskulturen. S\u00e5 tillkom &#8221;Merenkulun maineteko \u2013 En bedrift inom sj\u00f6farten&#8221;, vars regler godk\u00e4ndes \u00e5r 1983. Enligt reglerna \u00e4r avsikten med priset &#8221;att vara en erk\u00e4nsla f\u00f6r betydande arbete f\u00f6r \u00f6kad kunskap om och uppskattning av sj\u00f6fartskulturen i Finland i enlighet med Sj\u00f6fartsstiftelsens stadgar&#8221;. Mottagaren kan vara en privatperson, en grupp personer, ett samfund, ett f\u00f6retag eller en institution, ett s\u00e4rskilt evenemang eller projekt eller en permanent organiserad verksamhet. Priset utg\u00f6rs av ett diplom och en p\u00e5 diplomet f\u00e4st medalj. Medaljen \u00e4r designad och tillverkad av konstn\u00e4ren Hannu Veijalainen (Oy Tillander Ab).<\/p>\n<p>F\u00f6r att framh\u00e5lla prisets betydelse och \u00e4ndam\u00e5l delade Sj\u00f6fartsf\u00f6rbundet ut detta pris f\u00f6r f\u00f6rsta g\u00e5ngen i samband med sitt 60-\u00e5rsjubileum \u00e5r 1986. Det f\u00f6rsta hederspriset \u00f6verr\u00e4cktes i tv\u00e5 exemplar vid f\u00f6rbundets jubileumsm\u00f6te den 15 maj 1986 och mottagare var arrang\u00f6rerna av utst\u00e4llningen &#8221;Sea Finland&#8221; i Greenwich i London sommaren 1985, Finlands sj\u00f6fartsmuseum och National Maritime Museum i Greenwich.<\/p>\n<p>Vid samma tillf\u00e4lle \u00f6verr\u00e4cktes nummer 2 av hederspriset till den svenska ytb\u00e4rgaren Sven Selling, som p\u00e5 ett f\u00f6rtj\u00e4nstfullt s\u00e4tt bidrog till att r\u00e4dda bes\u00e4ttningen fr\u00e5n det finl\u00e4ndska fartyget Karelia som gick under i mars 1986.<\/p>\n<p>Det tredje hederspriset \u00f6verr\u00e4cktes vid Sj\u00f6fartsf\u00f6rbundets \u00e5rsm\u00f6te p\u00e5 ms Cinderella den 11 april 1990 till sj\u00f6fartsr\u00e5det Gunnar Eklund f\u00f6r hans f\u00f6rtj\u00e4nstfulla arbete f\u00f6r den finl\u00e4ndska sj\u00f6farten och speciellt f\u00f6r hans banbrytande insatser f\u00f6r startandet och utvecklandet av bilf\u00e4rjetrafiken p\u00e5 \u00d6stersj\u00f6n.<\/p>\n<p>Hederspris nummer 4 \u00f6verr\u00e4cktes den 7 november 1996 till konstn\u00e4ren Erkki Riimala f\u00f6r hans m\u00e5ng\u00e5riga arbete f\u00f6r att g\u00f6ra den finl\u00e4ndska sj\u00f6farten k\u00e4nd och s\u00e4rskilt med anledning av det av honom redigerade omfattande verket Navis Fennica i fyra band, den f\u00f6rsta historiken som behandlar Finlands sj\u00f6fart, skeppsbyggnad, hamnar och andra delomr\u00e5den inom anv\u00e4ndning av havet.<\/p>\n<p>Sj\u00f6fartsf\u00f6rbundet \u00f6verr\u00e4ckte hederspris nummer 5 den 23 februari 1998 till koncernchefen Martin Saarikangas, som p\u00e5 1990-talet f\u00f6rde Finlands skeppsbyggnad till en ny blomstring och samtidigt som en synlig gestalt lyfte fram skeppsbyggnadens och sj\u00f6fartens betydelse f\u00f6r v\u00e5rt land.<\/p>\n<p><a href=\"https:\/\/www.meriliitto.fi\/?l=se&amp;p=15\">Hederspris nummer 6<\/a>, som \u00f6verr\u00e4cktes till John Nurminens Stiftelse den 26 april 2004, \u00e4r en erk\u00e4nsla f\u00f6r stiftelsens arbete f\u00f6r en \u00f6kad k\u00e4nnedom om Finlands sj\u00f6fartshistoria och sj\u00f6farten i dag.<\/p>\n<p>Hederspriset \u201dEn bedrift inom sj\u00f6farten\u201d beviljades f\u00f6r sjunde g\u00e5ngen den 25 april 2006 och tilldelades projektet \u201dSkonaren Helena i Joutsens k\u00f6lvatten\u201d. Projektet \u00e4r resultatet av en fin id\u00e9 och samarbete mellan flera olika kretsar. Genom att dra nytta av Finlands sj\u00f6historia och sj\u00f6traditioner har man gett s\u00e4rskilt ungdomar m\u00f6jligheten att l\u00e4ra k\u00e4nna havet och sj\u00f6farten och uppleva unika och kr\u00e4vande utmaningar p\u00e5 oceanseglingar med skonaren Helena i skolfartyget Suomen Joutsens k\u00f6lvatten.<\/p>\n<p>Med modern elektronisk och tryckt kommunikation har man ocks\u00e5 kunnat g\u00f6ra den stora allm\u00e4nheten medveten om projektet genom att ber\u00e4tta om havet, sj\u00f6farten och ungdomsarbetet till sj\u00f6ss. Liksom sin f\u00f6rebild har skonaren Helena spritt information om Finland och gett en positiv bild av landet i de hamnar och l\u00e4nder hon har bes\u00f6kt.<\/p>\n<p>Hederspriset \u00f6verr\u00e4cktes i \u00c5bo den 9 maj 2006 d\u00e5 Helena \u00e5terv\u00e4nde fr\u00e5n sin resa i k\u00f6lvattnet av Joutsens femte seglats. Det delades ut i tv\u00e5 exemplar av vilka ett bevaras ombord p\u00e5 fregatten Suomen Joutsen och ett p\u00e5 skonaren Helena.<\/p>\n","protected":false},"excerpt":{"rendered":"<p>I b\u00f6rjan av 1980-talet f\u00f6ddes i Sj\u00f6fartsf\u00f6rbundets styrelse id\u00e9n att dela ut ett s\u00e4rskilt hederspris som erk\u00e4nsla f\u00f6r betydande insatser f\u00f6r \u00f6kad kunskap om och uppskattning av sj\u00f6fartskulturen. S\u00e5 tillkom &#8221;Merenkulun maineteko \u2013 En bedrift inom sj\u00f6farten&#8221;, vars regler godk\u00e4ndes \u00e5r 1983. Enligt reglerna \u00e4r avsikten med priset &#8221;att vara en erk\u00e4nsla f\u00f6r betydande arbete [&hellip;]<\/p>\n","protected":false},"author":1,"featured_media":0,"parent":0,"menu_order":0,"comment_status":"closed","ping_status":"closed","template":"index_sv.php","meta":{"footnotes":""},"class_list":["post-226","page","type-page","status-publish","hentry"],"_links":{"self":[{"href":"https:\/\/www.meriliitto.fi\/index.php?rest_route=\/wp\/v2\/pages\/226","targetHints":{"allow":["GET"]}}],"collection":[{"href":"https:\/\/www.meriliitto.fi\/index.php?rest_route=\/wp\/v2\/pages"}],"about":[{"href":"https:\/\/www.meriliitto.fi\/index.php?rest_route=\/wp\/v2\/types\/page"}],"author":[{"embeddable":true,"href":"https:\/\/www.meriliitto.fi\/index.php?rest_route=\/wp\/v2\/users\/1"}],"replies":[{"embeddable":true,"href":"https:\/\/www.meriliitto.fi\/index.php?rest_route=%2Fwp%2Fv2%2Fcomments&post=226"}],"version-history":[{"count":1,"href":"https:\/\/www.meriliitto.fi\/index.php?rest_route=\/wp\/v2\/pages\/226\/revisions"}],"predecessor-version":[{"id":227,"href":"https:\/\/www.meriliitto.fi\/index.php?rest_route=\/wp\/v2\/pages\/226\/revisions\/227"}],"wp:attachment":[{"href":"https:\/\/www.meriliitto.fi\/index.php?rest_route=%2Fwp%2Fv2%2Fmedia&parent=226"}],"curies":[{"name":"wp","href":"https:\/\/api.w.org\/{rel}","templated":true}]}}