{"id":220,"date":"2009-02-11T21:02:32","date_gmt":"2009-02-11T18:02:32","guid":{"rendered":"http:\/\/meriliitto.tomilehtola.net\/?page_id=220"},"modified":"2010-04-27T16:25:50","modified_gmt":"2010-04-27T13:25:50","slug":"sjofartsforbundets-verksamhet","status":"publish","type":"page","link":"https:\/\/www.meriliitto.fi\/?page_id=220","title":{"rendered":"Sj\u00f6fartsf\u00f6rbundets verksamhet"},"content":{"rendered":"<p>F\u00f6reningens namn \u00e4r Meriliitto &#8211; Sj\u00f6fartsf\u00f6rbundet ry. Hemorten \u00e4r Helsingfors och verksamheten \u00e4r riksomfattande. Enligt stadgarna skall f\u00f6rbundet &#8221;fungera som en ideell och praktisk f\u00f6rbindelsel\u00e4nk mellan sina medlemmar till fromma f\u00f6r sj\u00f6fartskulturen i Finland samt v\u00e4cka och uppr\u00e4tth\u00e5lla en verksamhet som fr\u00e4mjar marina aktiviteter&#8221;.<\/p>\n<p>Medlemmarna best\u00e5r i huvudsak av representanter f\u00f6r sj\u00f6fart, hamnar, sj\u00f6fartstj\u00e4nster, skeppsbyggnad och marinen samt andra som \u00e4r engagerade i branschen. F\u00f6rbundet har \u00f6ver 280 medlemmar, av vilka drygt 40 utg\u00f6rs av sammanslutningar.<\/p>\n<p>Sj\u00f6fartsf\u00f6rbundets verksamhet har l\u00e4nge varit koncentrerad p\u00e5 det finl\u00e4ndska sj\u00f6klustret, allts\u00e5 f\u00f6retag och sammanslutningar i sj\u00f6branschen. F\u00f6rbundet \u00e4r ett marint samarbetsforum som framh\u00e4ver den betydelse sj\u00f6farten och annan marin verksamhet har f\u00f6r v\u00e5rt land och som vill \u00f6ka intresset f\u00f6r, kunskapen om och uppskattningen av sj\u00f6fartsbranschen. Trots att det \u00f6ver 80-\u00e5riga Sj\u00f6fartsf\u00f6rbundet arbetar p\u00e5 ideell basis och med frivilliga krafter \u00e4r det en god l\u00e4nk och inflytandekanal till hela sj\u00f6klustret, till de politiska beslutsfattarna (framf\u00f6r allt riksdagen), och till pressen och den stora allm\u00e4nheten.<\/p>\n<p>Sj\u00f6fartsf\u00f6rbundet g\u00f6r st\u00e4llningstaganden i sin bransch. Senast tog f\u00f6rbundet st\u00e4llning till sj\u00f6fartsmuseets placering. Sedan \u00e5r 1986 har Sj\u00f6fartsf\u00f6rbundet delat ut hederspriset &#8221;En bedrift inom sj\u00f6farten\u201d (\u201dMerenkulun maineteko&#8221;) som erk\u00e4nsla f\u00f6r betydande insatser f\u00f6r \u00f6kad kunskap om och uppskattning av sj\u00f6fartskulturen. Detta prestigefyllda pris har hittills utdelats sju g\u00e5nger.<\/p>\n<p>Sj\u00f6fartsf\u00f6rbundet utvecklar som b\u00e4st sin verksamhet s\u00e5 att det kan fungera som en f\u00f6renande l\u00e4nk i det finl\u00e4ndska sj\u00f6fartsklustret och utvidga sin verksamhet till de delomr\u00e5den av klustret som hittills har varit svagt representerade. Branschen beh\u00f6ver samarbete f\u00f6r att de gemensamma intressena skall kunna tillgodoses effektivare \u00e4n nu.<\/p>\n","protected":false},"excerpt":{"rendered":"<p>F\u00f6reningens namn \u00e4r Meriliitto &#8211; Sj\u00f6fartsf\u00f6rbundet ry. Hemorten \u00e4r Helsingfors och verksamheten \u00e4r riksomfattande. Enligt stadgarna skall f\u00f6rbundet &#8221;fungera som en ideell och praktisk f\u00f6rbindelsel\u00e4nk mellan sina medlemmar till fromma f\u00f6r sj\u00f6fartskulturen i Finland samt v\u00e4cka och uppr\u00e4tth\u00e5lla en verksamhet som fr\u00e4mjar marina aktiviteter&#8221;. Medlemmarna best\u00e5r i huvudsak av representanter f\u00f6r sj\u00f6fart, hamnar, sj\u00f6fartstj\u00e4nster, skeppsbyggnad [&hellip;]<\/p>\n","protected":false},"author":1,"featured_media":0,"parent":0,"menu_order":0,"comment_status":"closed","ping_status":"closed","template":"index_sv.php","meta":{"footnotes":""},"class_list":["post-220","page","type-page","status-publish","hentry"],"_links":{"self":[{"href":"https:\/\/www.meriliitto.fi\/index.php?rest_route=\/wp\/v2\/pages\/220","targetHints":{"allow":["GET"]}}],"collection":[{"href":"https:\/\/www.meriliitto.fi\/index.php?rest_route=\/wp\/v2\/pages"}],"about":[{"href":"https:\/\/www.meriliitto.fi\/index.php?rest_route=\/wp\/v2\/types\/page"}],"author":[{"embeddable":true,"href":"https:\/\/www.meriliitto.fi\/index.php?rest_route=\/wp\/v2\/users\/1"}],"replies":[{"embeddable":true,"href":"https:\/\/www.meriliitto.fi\/index.php?rest_route=%2Fwp%2Fv2%2Fcomments&post=220"}],"version-history":[{"count":2,"href":"https:\/\/www.meriliitto.fi\/index.php?rest_route=\/wp\/v2\/pages\/220\/revisions"}],"predecessor-version":[{"id":344,"href":"https:\/\/www.meriliitto.fi\/index.php?rest_route=\/wp\/v2\/pages\/220\/revisions\/344"}],"wp:attachment":[{"href":"https:\/\/www.meriliitto.fi\/index.php?rest_route=%2Fwp%2Fv2%2Fmedia&parent=220"}],"curies":[{"name":"wp","href":"https:\/\/api.w.org\/{rel}","templated":true}]}}