{"id":10,"date":"2008-10-29T18:54:05","date_gmt":"2008-10-29T15:54:05","guid":{"rendered":"http:\/\/meriliitto.tomilehtola.net\/?page_id=10"},"modified":"2016-09-23T12:28:11","modified_gmt":"2016-09-23T09:28:11","slug":"merenkulun-mainetekopalkinto","status":"publish","type":"page","link":"https:\/\/www.meriliitto.fi\/?page_id=10","title":{"rendered":"Merenkulun mainetekopalkinto"},"content":{"rendered":"<p>Meriliiton hallituksessa syntyi 1980-luvun alussa ajatus ryhty\u00e4 jakamaan erityist\u00e4 tunnustuspalkintoa merellisen kulttuurin yleisen tiedon ja arvostuksen lis\u00e4\u00e4miseksi tehdyist\u00e4 huomattavista saavutuksista. N\u00e4in syntyi &#8221;Merenkulun maineteko &#8211; En bedrift inom sj\u00f6farten&#8221;, jonka s\u00e4\u00e4nn\u00f6t hyv\u00e4ksyttiin vuonna 1983. Niiden mukaan &#8221;palkinnon tarkoituksena on Suomen merellisen kulttuurin yleisen tiedon ja arvostuksen lis\u00e4\u00e4miseksi olla tunnustuksena Meriliiton s\u00e4\u00e4nt\u00f6jen mukaisesta merkitt\u00e4v\u00e4st\u00e4 toiminnasta&#8221;. Sen saaja voi olla yksityinen henkil\u00f6, henkil\u00f6ryhm\u00e4, yhteis\u00f6, yritys tai laitos, erillinen tapahtuma tai hanke tai pysyv\u00e4sti j\u00e4rjest\u00e4ytynyt toiminta. Palkinto muodostuu kunniakirjasta ja siihen kiinnitetyst\u00e4 mitalista. Mitalin suunnittelusta ja valmistuksesta vastasi taiteilija Hannu Veijalainen (Oy Tillander Ab).<\/p>\n<p>Palkinto jaettiin sen merkityksen ja tarkoituksen korostamiseksi ensi kerran Meriliiton t\u00e4ytt\u00e4ess\u00e4 60 vuotta 1986. <strong>Ensimm\u00e4inen kunniapalkinto<\/strong> luovutettiin liiton juhlakokouksessa 15.5.1986 kahtena kappaleena ja sen saivat silloin Lontoon Greenwichiss\u00e4 kes\u00e4ll\u00e4 1985 pidetyn &#8221;Sea Finland&#8221;-n\u00e4yttelyn j\u00e4rjest\u00e4j\u00e4t, Suomen merimuseo ja National Maritime Museum Greenwichiss\u00e4.<\/p>\n<p>Samassa tilaisuudessa luovutettiin <strong>mainetekopalkinto numero kaksi<\/strong> ruotsalaiselle pintapelastaja Sven Sellingille, joka toimi ansiokkaasti suomalaisalus Karelian haaksirikossa maaliskuussa 1986 laivan miehist\u00f6n pelastamiseksi.<\/p>\n<p><strong>Kolmas mainetekopalkinto<\/strong> luovutettiin Meriliiton vuosikokouksen yhteydess\u00e4 11.4.1990 ms Cinderellalla merenkulkuneuvos Gunnar Eklundille h\u00e4nen ansioistaan suomalaisen merenkulun edist\u00e4miseksi ja erityisesti siit\u00e4 uraauurtavasta ty\u00f6st\u00e4, jonka h\u00e4n oli tehnyt It\u00e4meren autolauttaliikenteen alkuunsaattamiseksi ja kehitt\u00e4miseksi.<\/p>\n<p><strong>Mainetekopalkinto nro 4<\/strong> ojennettiin 7.11.1996 taiteilija Erkki Riimalalle h\u00e4nen monivuotisesta ty\u00f6st\u00e4\u00e4n Suomen merenkulun tunnetuksi tekemiseksi ja erityisesti h\u00e4nen toimittamansa ensimm\u00e4isen Suomen merenkulkua, laivanrakennusta, satamia ja muita merenk\u00e4yt\u00f6n osa-alueita k\u00e4sittelev\u00e4n laajan historiikin, neliosaisen Navis Fennican johdosta.<\/p>\n<p><strong>Mainetekopalkinnon nro 5<\/strong> Meriliitto luovutti 23.2.1998 p\u00e4\u00e4johtaja Martin Saarikankaalle, sill\u00e4 h\u00e4n nosti aikanaan Suomen laivanrakennuksen uuteen kukoistukseen 1990-luvulla ja samalla toi n\u00e4kyv\u00e4n\u00e4 hahmona esille laivanrakennuksen ja merenkulun t\u00e4rkeytt\u00e4 maallemme.<\/p>\n<p>26.4.2004 John Nurmisen S\u00e4\u00e4ti\u00f6lle luovutettu <strong>mainetekopalkinto nro 6<\/strong> on tunnustus s\u00e4\u00e4ti\u00f6n tekem\u00e4st\u00e4 ty\u00f6st\u00e4 Suomen merenkulun historian ja t\u00e4m\u00e4n p\u00e4iv\u00e4n yleisen tuntemuksen lis\u00e4\u00e4miseksi.<\/p>\n<p><strong>Seitsem\u00e4s mainetekopalkinto<\/strong> my\u00f6nnettiin 25.4.2006 \u201d<a href=\"http:\/\/www.staf.fi\/joutsen\/\" target=\"_blank\">Kuunari Helena Joutsenen j\u00e4ljill\u00e4<\/a>\u201d -hankkeelle. Se on hienosta oivalluksesta ja useiden tahojen yhteisty\u00f6ll\u00e4 syntynyt hanke. Sen my\u00f6t\u00e4 Suomen merihistoriaa ja -perinnett\u00e4 hy\u00f6dynt\u00e4en on luotu erityisesti nuorille mahdollisuus perehty\u00e4 mereen ja merenkulkuun sek\u00e4 kokea ainutkertaisia ja vaativia haasteita osallistumalla koululaiva Suomen Joutsenen j\u00e4lki\u00e4 seuraaville valtameripurjehduksille kuunari Helenalla.<\/p>\n<p>Nykyaikainen s\u00e4hk\u00f6inen ja painettu viestint\u00e4 on mahdollistanut hankkeen tuomisen laajasti my\u00f6s suuren yleis\u00f6n tietoisuuteen kertomalla merest\u00e4, merenkulusta ja merellisest\u00e4 nuorisoty\u00f6st\u00e4. Esikuvansa tavoin kuunari Helena on vienyt tietoa ja my\u00f6nteist\u00e4 kuvaa Suomesta vierailusatamiin ja -maihin.<\/p>\n<p>Kunniapalkinto luovutettiin Turussa 9.5.2006 kuunari Helenan palatessa Joutsenen 5.matkan j\u00e4ljilt\u00e4. Se jaettiin kahtena kappaleena, toinen s\u00e4ilytett\u00e4v\u00e4ksi fregatti Suomen Joutsenella ja toinen kuunari Helenalla.<\/p>\n<p><strong>Mainetekopalkinto nro 8<\/strong> my\u00f6nnettiin 22.5.2012 Merikeskus Forum Marinumille. Vuonna 1999 perustettu Forum Marinum on Turussa sijaitseva aktiivinen ja monipuolinen valtakunnallinen merenkulun ja merivoimien historian erikoismuseo ja toiminnallinen merikeskus. Se on sek\u00e4 mielenkiintoinen vierailukohde ett\u00e4 yleis\u00f6tapahtumien pitopaikka. Museossa on vaihtuvia ja pysyvi\u00e4 n\u00e4yttelyit\u00e4 sek\u00e4 mielenkiintoinen venekokoelma ja huomattava museoaluslaivasto.<\/p>\n<p>Forum Marinum on perustamisestaan l\u00e4htien edist\u00e4nyt merkitt\u00e4v\u00e4sti suomalaisen merenkulun historian tutkimusta ja tuntemusta sek\u00e4 v\u00e4litt\u00e4nyt laajoissa n\u00e4yttelyiss\u00e4 tietoa my\u00f6s suurelle yleis\u00f6lle suomalaisesta merenkulkuelinkeinosta.<\/p>\n<p>Forum Marinum on siten toimintansa alusta asti toteuttanut erinomaisesti \u201dMerenkulun maineteko\u201d -kunniapalkinnon tarkoitusta Suomen merellisen kulttuurin yleisen tiedon ja arvostuksen lis\u00e4\u00e4miseksi.<\/p>\n<p>Kunniapalkinto luovutettiin 22.5.2012 Turussa arvovaltaisten kutsuvieraiden l\u00e4sn\u00e4 ollessa. Sen ottivat vastaan Forum Marinumin hallituksen puheenjohtaja Maija Perho ja toimitusjohtaja Jaakko Tikka.<\/p>\n<p><strong>Mainetekopalkinto nro 9<\/strong> my\u00f6nnettiin 25.4.2016 W\u00e4rtsil\u00e4 Oyj Abp:lle. W\u00e4rtsil\u00e4 Oyj Abp on merkitt\u00e4v\u00e4ll\u00e4 ja ainutkertaisella tavalla toiminut suomalaisen merenk\u00e4yt\u00f6n ja meriteollisuuden kehitt\u00e4j\u00e4n\u00e4 ja tienn\u00e4ytt\u00e4j\u00e4n\u00e4. L\u00e4ht\u00f6kohdiltaan monipuolisena kansallisena telakkayhti\u00f6n\u00e4 ja toistatuhatta laivaa valmistaneena se on onnistunut nopeasti muuntumaan laaja-alaiseksi uusien teknologioiden globaaliksi hallitsijaksi ja tuottajaksi, samalla kuitenkin pit\u00e4en arvossa vahvan suomalaisen meriosaamisen juuria ja tulevaisuuteen t\u00e4ht\u00e4\u00e4v\u00e4\u00e4, seuraavien sukupolvien arvostamaa kest\u00e4v\u00e4\u00e4 kehityst\u00e4.<\/p>\n<p>Toiminnallaan W\u00e4rtsil\u00e4 Oyj Abp on k\u00e4rkiyrityksen\u00e4 vienyt suomalaista merellist\u00e4 osaamista ja tutkimusta eteenp\u00e4in, kasvattanut suomalaisen merenk\u00e4yt\u00f6n tunnettuutta maailmanlaajuisesti ja on suoriutunut alati muuttuvan maailman merenkulun, offshore-toimintojen ja muiden merialojen haasteista pit\u00e4en liiketoimintansa jatkuvasti my\u00f6s kannattavana.<\/p>\n<p>\u00bbMerenkulun maineteko\u00bb -kunniapalkinnon tarkoituksena on Suomen merellisen kulttuurin yleisen tiedon ja arvostuksen lis\u00e4\u00e4minen. Meriliiton hallitus on katsonut W\u00e4rtsil\u00e4 Oyj Abp:n erinomaisesti toteuttaneen t\u00e4t\u00e4 tarkoitusper\u00e4\u00e4 ja on p\u00e4\u00e4tt\u00e4nyt my\u00f6nt\u00e4\u00e4 W\u00e4rtsil\u00e4 Oyj Abp:lle \u00bbMerenkulun maineteko\u00bb -kunniapalkinnon numero 9.<\/p>\n<p>Kunniapalkinto luovutettiin arvovaltaisen ja runsaslukuisan kutsuvierasjoukon l\u00e4sn\u00e4 ollessa 25.4.2016 Meriliiton 90-vuotisjuhlaseminaarin yhteydess\u00e4 Helsingin kaupungintalon juhlasalissa. Sen ottivat vastaan konsernijohtaja Jaakko Eskola ja viestint\u00e4johtaja Atte Palom\u00e4ki.<\/p>\n","protected":false},"excerpt":{"rendered":"<p>Meriliiton hallituksessa syntyi 1980-luvun alussa ajatus ryhty\u00e4 jakamaan erityist\u00e4 tunnustuspalkintoa merellisen kulttuurin yleisen tiedon ja arvostuksen lis\u00e4\u00e4miseksi tehdyist\u00e4 huomattavista saavutuksista. N\u00e4in syntyi &#8221;Merenkulun maineteko &#8211; En bedrift inom sj\u00f6farten&#8221;, jonka s\u00e4\u00e4nn\u00f6t hyv\u00e4ksyttiin vuonna 1983. Niiden mukaan &#8221;palkinnon tarkoituksena on Suomen merellisen kulttuurin yleisen tiedon ja arvostuksen lis\u00e4\u00e4miseksi olla tunnustuksena Meriliiton s\u00e4\u00e4nt\u00f6jen mukaisesta merkitt\u00e4v\u00e4st\u00e4 toiminnasta&#8221;. Sen [&hellip;]<\/p>\n","protected":false},"author":1,"featured_media":0,"parent":0,"menu_order":0,"comment_status":"closed","ping_status":"open","template":"","meta":{"footnotes":""},"class_list":["post-10","page","type-page","status-publish","hentry"],"_links":{"self":[{"href":"https:\/\/www.meriliitto.fi\/index.php?rest_route=\/wp\/v2\/pages\/10","targetHints":{"allow":["GET"]}}],"collection":[{"href":"https:\/\/www.meriliitto.fi\/index.php?rest_route=\/wp\/v2\/pages"}],"about":[{"href":"https:\/\/www.meriliitto.fi\/index.php?rest_route=\/wp\/v2\/types\/page"}],"author":[{"embeddable":true,"href":"https:\/\/www.meriliitto.fi\/index.php?rest_route=\/wp\/v2\/users\/1"}],"replies":[{"embeddable":true,"href":"https:\/\/www.meriliitto.fi\/index.php?rest_route=%2Fwp%2Fv2%2Fcomments&post=10"}],"version-history":[{"count":7,"href":"https:\/\/www.meriliitto.fi\/index.php?rest_route=\/wp\/v2\/pages\/10\/revisions"}],"predecessor-version":[{"id":540,"href":"https:\/\/www.meriliitto.fi\/index.php?rest_route=\/wp\/v2\/pages\/10\/revisions\/540"}],"wp:attachment":[{"href":"https:\/\/www.meriliitto.fi\/index.php?rest_route=%2Fwp%2Fv2%2Fmedia&parent=10"}],"curies":[{"name":"wp","href":"https:\/\/api.w.org\/{rel}","templated":true}]}}